{"id":995,"date":"2020-09-10T10:26:06","date_gmt":"2020-09-10T10:26:06","guid":{"rendered":"https:\/\/hidraulicsupporte.com.br\/wp\/?page_id=995"},"modified":"2020-09-27T10:58:22","modified_gmt":"2020-09-27T10:58:22","slug":"devolucao-e-reembolso","status":"publish","type":"page","link":"https:\/\/hidraulicsupporte.com.br\/wp\/devolucao-e-reembolso","title":{"rendered":"Devolu\u00e7\u00e3o e reembolso"},"content":{"rendered":"\t\t<div data-elementor-type=\"wp-page\" data-elementor-id=\"995\" class=\"elementor elementor-995\">\n\t\t\t\t\t\t<section class=\"elementor-section elementor-top-section elementor-element elementor-element-949fa5d elementor-section-boxed elementor-section-height-default elementor-section-height-default\" data-id=\"949fa5d\" data-element_type=\"section\" data-e-type=\"section\">\n\t\t\t\t\t\t<div class=\"elementor-container elementor-column-gap-default\">\n\t\t\t\t\t<div class=\"elementor-column elementor-col-100 elementor-top-column elementor-element elementor-element-1ea6549\" data-id=\"1ea6549\" data-element_type=\"column\" data-e-type=\"column\">\n\t\t\t<div class=\"elementor-widget-wrap elementor-element-populated\">\n\t\t\t\t\t\t<div class=\"elementor-element elementor-element-6352f5d elementor-widget elementor-widget-text-editor\" data-id=\"6352f5d\" data-element_type=\"widget\" data-e-type=\"widget\" data-widget_type=\"text-editor.default\">\n\t\t\t\t<div class=\"elementor-widget-container\">\n\t\t\t\t\t\t\t\t\t<p><strong>Devolu\u00e7\u00e3o:<\/strong><\/p><p>Todas as trocas ou devolu\u00e7\u00f5es precisam estar dentro do prazo de 7 (sete) dias corridos, a contar da data do recebimento da encomenda e dever\u00e3o ser comunicadas (antes do envio)\u00a0 para orienta\u00e7\u00f5es. Produto devolvido sem essa comunica\u00e7\u00e3o, fora do prazo ou com aus\u00eancia de itens\/acess\u00f3rios que o acompanham, ser\u00e3o avaliados pela Hidraulic Supporte.<\/p><p>O produto deve estar em perfeito estado, com todos os acess\u00f3rios, manuais, certificados e sem ind\u00edcios de uso ou instala\u00e7\u00e3o inadequada, sem viola\u00e7\u00e3o da embalagem original e\/ou etiqueta para avalia\u00e7\u00e3o.<\/p><p><strong><span style=\"color: #ff0000;\">Os custos de\u00a0 Fretes por devolu\u00e7\u00e3o devido defeito de fabrica\u00e7\u00e3o, ou troca de pe\u00e7as de <\/span><\/strong><br \/><strong><span style=\"color: #ff0000;\">garantia ser\u00e1 por conta da Hidraulic Supporte ME propriet\u00e1ria deste site.<\/span><\/strong><\/p><p><strong><span style=\"color: #ff0000;\">Informamos\u00a0 que os custos de Frete por desist\u00eancia\u00a0 ou por compra errada\u00a0 ser\u00e1 a cargo do cliente.<\/span><\/strong><\/p><p><strong>Reembolso<\/strong><\/p><p>O reembolso aprovado ser\u00e1 feito da seguinte forma:<\/p><ul><li><strong>Compras no Cart\u00e3o de Cr\u00e9dito:<\/strong>\u00a0O cliente poder\u00e1 optar por receber um Vale Compras no valor pago que ficar\u00e1 como cr\u00e9dito para ser utilizado na compra de qualquer produto na loja ou solicitar\u00a0 o estorno do valor pago na fatura de seu cart\u00e3o de cr\u00e9dito. Aten\u00e7\u00e3o: o estorno por parte da institui\u00e7\u00e3o de Cart\u00e3o pode ocorrer apenas na fatura subsequente.<\/li><li>\u00a0<\/li><li><strong>Compras no Boleto ou Dep\u00f3sito Banc\u00e1rio:\u00a0<\/strong>O cliente poder\u00e1 optar por receber um Vale Compras no valor pago que ficar\u00e1 como cr\u00e9dito para ser utilizado na compra de qualquer produto na loja ou solicitar o reembolso em sua conta corrente. Nesse caso, \u00e9 necess\u00e1rio que o titular da conta seja o mesmo que efetuou o pedido na Loja.<\/li><li>\u00a0<\/li><li><strong>Compras efetivadas com PagSeguro ou empresa similar:<\/strong>\u00a0entrar em contato com nossa Central de Atendimento ao Cliente para orienta\u00e7\u00f5es que podem variar de acordo com o prazo.<\/li><\/ul><p>Para ambos os casos, o reembolso ser\u00e1 efetuado em at\u00e9 5 dias uteis ap\u00f3s a an\u00e1lise do produto recebido. A compensa\u00e7\u00e3o poder\u00e1 variar de acordo com a Institui\u00e7\u00e3o Financeira.<\/p>\t\t\t\t\t\t\t\t<\/div>\n\t\t\t\t<\/div>\n\t\t\t\t\t<\/div>\n\t\t<\/div>\n\t\t\t\t\t<\/div>\n\t\t<\/section>\n\t\t\t\t<\/div>\n\t\t","protected":false},"excerpt":{"rendered":"<p>Devolu\u00e7\u00e3o: Todas as trocas ou devolu\u00e7\u00f5es precisam estar dentro do prazo de 7 (sete) dias corridos, a contar da data do recebimento da encomenda e dever\u00e3o ser comunicadas (antes do &#8230;<\/p>\n","protected":false},"author":2,"featured_media":0,"parent":0,"menu_order":0,"comment_status":"closed","ping_status":"closed","template":"","meta":{"footnotes":""},"class_list":["post-995","page","type-page","status-publish","hentry"],"yoast_head":"<!-- This site is optimized with the Yoast SEO plugin v27.5 - https:\/\/yoast.com\/product\/yoast-seo-wordpress\/ -->\n<title>Devolu\u00e7\u00e3o e reembolso - Hidraulic Supporte Equipamentos Oleodin\u00e2micos<\/title>\n<meta name=\"robots\" content=\"index, follow, max-snippet:-1, max-image-preview:large, max-video-preview:-1\" \/>\n<link rel=\"canonical\" href=\"https:\/\/hidraulicsupporte.com.br\/wp\/devolucao-e-reembolso\" \/>\n<meta property=\"og:locale\" content=\"pt_BR\" \/>\n<meta property=\"og:type\" content=\"article\" \/>\n<meta property=\"og:title\" content=\"Devolu\u00e7\u00e3o e reembolso - Hidraulic Supporte Equipamentos Oleodin\u00e2micos\" \/>\n<meta property=\"og:description\" content=\"Devolu\u00e7\u00e3o: Todas as trocas ou devolu\u00e7\u00f5es precisam estar dentro do prazo de 7 (sete) dias corridos, a contar da data do recebimento da encomenda e dever\u00e3o ser comunicadas (antes do ...\" \/>\n<meta property=\"og:url\" content=\"https:\/\/hidraulicsupporte.com.br\/wp\/devolucao-e-reembolso\" \/>\n<meta property=\"og:site_name\" content=\"Hidraulic Supporte Equipamentos Oleodin\u00e2micos\" \/>\n<meta property=\"article:modified_time\" content=\"2020-09-27T10:58:22+00:00\" \/>\n<meta name=\"twitter:card\" content=\"summary_large_image\" \/>\n<meta name=\"twitter:label1\" content=\"Est. tempo de leitura\" \/>\n\t<meta name=\"twitter:data1\" content=\"2 minutos\" \/>\n<script type=\"application\/ld+json\" class=\"yoast-schema-graph\">{\"@context\":\"https:\\\/\\\/schema.org\",\"@graph\":[{\"@type\":\"WebPage\",\"@id\":\"https:\\\/\\\/hidraulicsupporte.com.br\\\/wp\\\/devolucao-e-reembolso\",\"url\":\"https:\\\/\\\/hidraulicsupporte.com.br\\\/wp\\\/devolucao-e-reembolso\",\"name\":\"Devolu\u00e7\u00e3o e reembolso - Hidraulic Supporte Equipamentos Oleodin\u00e2micos\",\"isPartOf\":{\"@id\":\"https:\\\/\\\/hidraulicsupporte.com.br\\\/wp\\\/#website\"},\"datePublished\":\"2020-09-10T10:26:06+00:00\",\"dateModified\":\"2020-09-27T10:58:22+00:00\",\"breadcrumb\":{\"@id\":\"https:\\\/\\\/hidraulicsupporte.com.br\\\/wp\\\/devolucao-e-reembolso#breadcrumb\"},\"inLanguage\":\"pt-BR\",\"potentialAction\":[{\"@type\":\"ReadAction\",\"target\":[\"https:\\\/\\\/hidraulicsupporte.com.br\\\/wp\\\/devolucao-e-reembolso\"]}]},{\"@type\":\"BreadcrumbList\",\"@id\":\"https:\\\/\\\/hidraulicsupporte.com.br\\\/wp\\\/devolucao-e-reembolso#breadcrumb\",\"itemListElement\":[{\"@type\":\"ListItem\",\"position\":1,\"name\":\"In\u00edcio\",\"item\":\"https:\\\/\\\/hidraulicsupporte.com.br\\\/wp\\\/\"},{\"@type\":\"ListItem\",\"position\":2,\"name\":\"Devolu\u00e7\u00e3o e reembolso\"}]},{\"@type\":\"WebSite\",\"@id\":\"https:\\\/\\\/hidraulicsupporte.com.br\\\/wp\\\/#website\",\"url\":\"https:\\\/\\\/hidraulicsupporte.com.br\\\/wp\\\/\",\"name\":\"Hidraulic Supporte Equipamentos Oleodin\u00e2micos\",\"description\":\"Empresa tecnica especializada em equipamentos de hidr\u00e1ulica industrial, m\u00f3bil em geral e unidades de filtragem.\",\"publisher\":{\"@id\":\"https:\\\/\\\/hidraulicsupporte.com.br\\\/wp\\\/#organization\"},\"potentialAction\":[{\"@type\":\"SearchAction\",\"target\":{\"@type\":\"EntryPoint\",\"urlTemplate\":\"https:\\\/\\\/hidraulicsupporte.com.br\\\/wp\\\/?s={search_term_string}\"},\"query-input\":{\"@type\":\"PropertyValueSpecification\",\"valueRequired\":true,\"valueName\":\"search_term_string\"}}],\"inLanguage\":\"pt-BR\"},{\"@type\":\"Organization\",\"@id\":\"https:\\\/\\\/hidraulicsupporte.com.br\\\/wp\\\/#organization\",\"name\":\"Hidraulic Supporte\",\"url\":\"https:\\\/\\\/hidraulicsupporte.com.br\\\/wp\\\/\",\"logo\":{\"@type\":\"ImageObject\",\"inLanguage\":\"pt-BR\",\"@id\":\"https:\\\/\\\/hidraulicsupporte.com.br\\\/wp\\\/#\\\/schema\\\/logo\\\/image\\\/\",\"url\":\"https:\\\/\\\/hidraulicsupporte.com.br\\\/wp\\\/wp-content\\\/uploads\\\/2012\\\/11\\\/cropped-hidraulic-1.png\",\"contentUrl\":\"https:\\\/\\\/hidraulicsupporte.com.br\\\/wp\\\/wp-content\\\/uploads\\\/2012\\\/11\\\/cropped-hidraulic-1.png\",\"width\":160,\"height\":62,\"caption\":\"Hidraulic Supporte\"},\"image\":{\"@id\":\"https:\\\/\\\/hidraulicsupporte.com.br\\\/wp\\\/#\\\/schema\\\/logo\\\/image\\\/\"}}]}<\/script>\n<!-- \/ Yoast SEO plugin. -->","yoast_head_json":{"title":"Devolu\u00e7\u00e3o e reembolso - Hidraulic Supporte Equipamentos Oleodin\u00e2micos","robots":{"index":"index","follow":"follow","max-snippet":"max-snippet:-1","max-image-preview":"max-image-preview:large","max-video-preview":"max-video-preview:-1"},"canonical":"https:\/\/hidraulicsupporte.com.br\/wp\/devolucao-e-reembolso","og_locale":"pt_BR","og_type":"article","og_title":"Devolu\u00e7\u00e3o e reembolso - Hidraulic Supporte Equipamentos Oleodin\u00e2micos","og_description":"Devolu\u00e7\u00e3o: Todas as trocas ou devolu\u00e7\u00f5es precisam estar dentro do prazo de 7 (sete) dias corridos, a contar da data do recebimento da encomenda e dever\u00e3o ser comunicadas (antes do ...","og_url":"https:\/\/hidraulicsupporte.com.br\/wp\/devolucao-e-reembolso","og_site_name":"Hidraulic Supporte Equipamentos Oleodin\u00e2micos","article_modified_time":"2020-09-27T10:58:22+00:00","twitter_card":"summary_large_image","twitter_misc":{"Est. tempo de leitura":"2 minutos"},"schema":{"@context":"https:\/\/schema.org","@graph":[{"@type":"WebPage","@id":"https:\/\/hidraulicsupporte.com.br\/wp\/devolucao-e-reembolso","url":"https:\/\/hidraulicsupporte.com.br\/wp\/devolucao-e-reembolso","name":"Devolu\u00e7\u00e3o e reembolso - Hidraulic Supporte Equipamentos Oleodin\u00e2micos","isPartOf":{"@id":"https:\/\/hidraulicsupporte.com.br\/wp\/#website"},"datePublished":"2020-09-10T10:26:06+00:00","dateModified":"2020-09-27T10:58:22+00:00","breadcrumb":{"@id":"https:\/\/hidraulicsupporte.com.br\/wp\/devolucao-e-reembolso#breadcrumb"},"inLanguage":"pt-BR","potentialAction":[{"@type":"ReadAction","target":["https:\/\/hidraulicsupporte.com.br\/wp\/devolucao-e-reembolso"]}]},{"@type":"BreadcrumbList","@id":"https:\/\/hidraulicsupporte.com.br\/wp\/devolucao-e-reembolso#breadcrumb","itemListElement":[{"@type":"ListItem","position":1,"name":"In\u00edcio","item":"https:\/\/hidraulicsupporte.com.br\/wp\/"},{"@type":"ListItem","position":2,"name":"Devolu\u00e7\u00e3o e reembolso"}]},{"@type":"WebSite","@id":"https:\/\/hidraulicsupporte.com.br\/wp\/#website","url":"https:\/\/hidraulicsupporte.com.br\/wp\/","name":"Hidraulic Supporte Equipamentos Oleodin\u00e2micos","description":"Empresa tecnica especializada em equipamentos de hidr\u00e1ulica industrial, m\u00f3bil em geral e unidades de filtragem.","publisher":{"@id":"https:\/\/hidraulicsupporte.com.br\/wp\/#organization"},"potentialAction":[{"@type":"SearchAction","target":{"@type":"EntryPoint","urlTemplate":"https:\/\/hidraulicsupporte.com.br\/wp\/?s={search_term_string}"},"query-input":{"@type":"PropertyValueSpecification","valueRequired":true,"valueName":"search_term_string"}}],"inLanguage":"pt-BR"},{"@type":"Organization","@id":"https:\/\/hidraulicsupporte.com.br\/wp\/#organization","name":"Hidraulic Supporte","url":"https:\/\/hidraulicsupporte.com.br\/wp\/","logo":{"@type":"ImageObject","inLanguage":"pt-BR","@id":"https:\/\/hidraulicsupporte.com.br\/wp\/#\/schema\/logo\/image\/","url":"https:\/\/hidraulicsupporte.com.br\/wp\/wp-content\/uploads\/2012\/11\/cropped-hidraulic-1.png","contentUrl":"https:\/\/hidraulicsupporte.com.br\/wp\/wp-content\/uploads\/2012\/11\/cropped-hidraulic-1.png","width":160,"height":62,"caption":"Hidraulic Supporte"},"image":{"@id":"https:\/\/hidraulicsupporte.com.br\/wp\/#\/schema\/logo\/image\/"}}]}},"_links":{"self":[{"href":"https:\/\/hidraulicsupporte.com.br\/wp\/wp-json\/wp\/v2\/pages\/995","targetHints":{"allow":["GET"]}}],"collection":[{"href":"https:\/\/hidraulicsupporte.com.br\/wp\/wp-json\/wp\/v2\/pages"}],"about":[{"href":"https:\/\/hidraulicsupporte.com.br\/wp\/wp-json\/wp\/v2\/types\/page"}],"author":[{"embeddable":true,"href":"https:\/\/hidraulicsupporte.com.br\/wp\/wp-json\/wp\/v2\/users\/2"}],"replies":[{"embeddable":true,"href":"https:\/\/hidraulicsupporte.com.br\/wp\/wp-json\/wp\/v2\/comments?post=995"}],"version-history":[{"count":9,"href":"https:\/\/hidraulicsupporte.com.br\/wp\/wp-json\/wp\/v2\/pages\/995\/revisions"}],"predecessor-version":[{"id":1023,"href":"https:\/\/hidraulicsupporte.com.br\/wp\/wp-json\/wp\/v2\/pages\/995\/revisions\/1023"}],"wp:attachment":[{"href":"https:\/\/hidraulicsupporte.com.br\/wp\/wp-json\/wp\/v2\/media?parent=995"}],"curies":[{"name":"wp","href":"https:\/\/api.w.org\/{rel}","templated":true}]}}