{"id":1079,"date":"2021-02-15T23:50:45","date_gmt":"2021-02-15T23:50:45","guid":{"rendered":"https:\/\/hidraulicsupporte.com.br\/wp\/?page_id=1079"},"modified":"2021-02-16T00:40:23","modified_gmt":"2021-02-16T00:40:23","slug":"carrinho-de-filtragem-de-oleo-hidraulico","status":"publish","type":"page","link":"https:\/\/hidraulicsupporte.com.br\/wp\/carrinho-de-filtragem-de-oleo-hidraulico","title":{"rendered":"Carrinho de Filtragem de \u00f3leo hidr\u00e1ulico."},"content":{"rendered":"\t\t<div data-elementor-type=\"wp-page\" data-elementor-id=\"1079\" class=\"elementor elementor-1079\">\n\t\t\t\t\t\t<section class=\"elementor-section elementor-top-section elementor-element elementor-element-48fb058 elementor-section-boxed elementor-section-height-default elementor-section-height-default\" data-id=\"48fb058\" data-element_type=\"section\" data-e-type=\"section\">\n\t\t\t\t\t\t<div class=\"elementor-container elementor-column-gap-default\">\n\t\t\t\t\t<div class=\"elementor-column elementor-col-100 elementor-top-column elementor-element elementor-element-b5421d8\" data-id=\"b5421d8\" data-element_type=\"column\" data-e-type=\"column\">\n\t\t\t<div class=\"elementor-widget-wrap elementor-element-populated\">\n\t\t\t\t\t\t<div class=\"elementor-element elementor-element-932760d elementor-widget elementor-widget-text-editor\" data-id=\"932760d\" data-element_type=\"widget\" data-e-type=\"widget\" data-widget_type=\"text-editor.default\">\n\t\t\t\t<div class=\"elementor-widget-container\">\n\t\t\t\t\t\t\t\t\t<p>A Carrinho de Filtragem M\u00f3vel \u00e9 utilizada para filtragem em paralelo do flu\u00eddo de reservat\u00f3rios.<\/p><p>Pode atuar continuamente, independente do sistema hidr\u00e1ulico estar em opera\u00e7\u00e3o. Indispens\u00e1vel no abastecimento de sistemas em que o n\u00edvel de contamina\u00e7\u00e3o requerido \u00e9 menor que o dos \u00f3leos novos. Muito \u00fatil na drenagem dos reservat\u00f3rios para manuten\u00e7\u00e3o e limpeza.<\/p><p>Redu\u00e7\u00e3o dr\u00e1stica no consumo de \u00f3leo, pelo aumento de vida \u00fatil ou reutiliza\u00e7\u00e3o de flu\u00eddos contaminados com particulados s\u00f3lidos. Quando o meio filtrante (*) \u00e9 utilizado, auxilia efetivamente no controle do N\u00edvel de Contamina\u00e7\u00e3o (ISO4406) dos sistemas hidr\u00e1ulicos e lubrifica\u00e7\u00e3o.<\/p><p><strong>Oportunidade Hidraulic Supporte<\/strong><\/p><p>N\u00e3o deixe seu sistema \u00f3leodin\u00e2mico ou m\u00e1quina<br \/>agricola ou linha amarela parar por acidente devido \u00f3leo sujo.<\/p><p>Qual o pre\u00e7o de sua bomba de pist\u00e3o,palhetas ou cilindro que<br \/>parou por conta de \u00f3leo sujo ???<\/p><p>Use nosso carrinho de filtragem e trabalhe com seguran\u00e7a e tranquilidade.<\/p><p>Temos o melhor pre\u00e7o do mercado.<a href=\"http:\/\/hidraulicsupporte.com.br\/wp\/contate-a-especialista-em-bombas-hidraulicas\"> consulte<\/a><\/p><p>Motor Trif\u00e1sico 220\/ 380 Volts Bomba Hidr\u00e1ulica 33 litros p\/ minuto<\/p><p>Elementos filtrantes 10 microns c\/ poss\u00edvel substitui\u00e7\u00e3o de elementos<\/p><p>Carrinho de locomo\u00e7\u00e3o com bandeja de inspe\u00e7\u00e3o<\/p>\t\t\t\t\t\t\t\t<\/div>\n\t\t\t\t<\/div>\n\t\t\t\t\t<\/div>\n\t\t<\/div>\n\t\t\t\t\t<\/div>\n\t\t<\/section>\n\t\t\t\t<section class=\"elementor-section elementor-top-section elementor-element elementor-element-886ea97 elementor-section-boxed elementor-section-height-default elementor-section-height-default\" data-id=\"886ea97\" data-element_type=\"section\" data-e-type=\"section\">\n\t\t\t\t\t\t<div class=\"elementor-container elementor-column-gap-default\">\n\t\t\t\t\t<div class=\"elementor-column elementor-col-100 elementor-top-column elementor-element elementor-element-6b90f8e\" data-id=\"6b90f8e\" data-element_type=\"column\" data-e-type=\"column\">\n\t\t\t<div class=\"elementor-widget-wrap elementor-element-populated\">\n\t\t\t\t\t\t<div class=\"elementor-element elementor-element-476eeb4 elementor-widget elementor-widget-text-editor\" data-id=\"476eeb4\" data-element_type=\"widget\" data-e-type=\"widget\" data-widget_type=\"text-editor.default\">\n\t\t\t\t<div class=\"elementor-widget-container\">\n\t\t\t\t\t\t\t\t\t<p>\u00a0<\/p><figure id=\"attachment_670\" aria-describedby=\"caption-attachment-670\" style=\"width: 449px\" class=\"wp-caption alignnone\"><img fetchpriority=\"high\" decoding=\"async\" class=\"wp-image-670 size-full\" title=\"unidade hidr\u00e1ulica de filtragem de \u00f3leo\" src=\"http:\/\/hidraulicsupporte.com.br\/wp\/wp-content\/uploads\/2016\/02\/FOTO_UNIDADES_FILTRAGEM.jpg\" alt=\"unidade hidr\u00e1ulica de filtragem de \u00f3leo\" width=\"449\" height=\"800\" srcset=\"https:\/\/hidraulicsupporte.com.br\/wp\/wp-content\/uploads\/2016\/02\/FOTO_UNIDADES_FILTRAGEM.jpg 449w, https:\/\/hidraulicsupporte.com.br\/wp\/wp-content\/uploads\/2016\/02\/FOTO_UNIDADES_FILTRAGEM-400x713.jpg 400w, https:\/\/hidraulicsupporte.com.br\/wp\/wp-content\/uploads\/2016\/02\/FOTO_UNIDADES_FILTRAGEM-168x300.jpg 168w\" sizes=\"(max-width: 449px) 100vw, 449px\" \/><figcaption id=\"caption-attachment-670\" class=\"wp-caption-text\">Carrinho\u00a0 de filtragem de \u00f3leo mineral. Para limpeza o \u00f3leo de sistemas \u00f3leodin\u00e2micos.<\/figcaption><\/figure><figure id=\"attachment_712\" aria-describedby=\"caption-attachment-712\" style=\"width: 405px\" class=\"wp-caption alignnone\"><img decoding=\"async\" class=\"wp-image-712 size-full\" title=\"unidade hidr\u00e1ulica de filtragem de \u00f3leo\" src=\"http:\/\/hidraulicsupporte.com.br\/wp\/wp-content\/uploads\/2017\/03\/unidade-de-filtragem-2017-1.jpg\" alt=\"unidade hidr\u00e1ulica de filtragem de \u00f3leo\" width=\"405\" height=\"800\" data-wp-editing=\"1\" srcset=\"https:\/\/hidraulicsupporte.com.br\/wp\/wp-content\/uploads\/2017\/03\/unidade-de-filtragem-2017-1.jpg 405w, https:\/\/hidraulicsupporte.com.br\/wp\/wp-content\/uploads\/2017\/03\/unidade-de-filtragem-2017-1-400x790.jpg 400w, https:\/\/hidraulicsupporte.com.br\/wp\/wp-content\/uploads\/2017\/03\/unidade-de-filtragem-2017-1-152x300.jpg 152w\" sizes=\"(max-width: 405px) 100vw, 405px\" \/><figcaption id=\"caption-attachment-712\" class=\"wp-caption-text\">unidade hidr\u00e1ulica de filtragem de \u00f3leo mineral. Para limpeza o \u00f3leo de sistemas \u00f3leodin\u00e2micos.\u00a0 Elementos filtrantes 3 Microns.<\/figcaption><\/figure><p>Prazo de entrega 05 dias.<\/p>\t\t\t\t\t\t\t\t<\/div>\n\t\t\t\t<\/div>\n\t\t\t\t\t<\/div>\n\t\t<\/div>\n\t\t\t\t\t<\/div>\n\t\t<\/section>\n\t\t\t\t<\/div>\n\t\t","protected":false},"excerpt":{"rendered":"<p>A Carrinho de Filtragem M\u00f3vel \u00e9 utilizada para filtragem em paralelo do flu\u00eddo de reservat\u00f3rios. Pode atuar continuamente, independente do sistema hidr\u00e1ulico estar em opera\u00e7\u00e3o. Indispens\u00e1vel no abastecimento de sistemas &#8230;<\/p>\n","protected":false},"author":2,"featured_media":0,"parent":0,"menu_order":0,"comment_status":"closed","ping_status":"closed","template":"","meta":{"footnotes":""},"class_list":["post-1079","page","type-page","status-publish","hentry"],"yoast_head":"<!-- This site is optimized with the Yoast SEO plugin v27.3 - https:\/\/yoast.com\/product\/yoast-seo-wordpress\/ -->\n<title>Carrinho de Filtragem de \u00f3leo hidr\u00e1ulico. - Hidraulic Supporte Equipamentos Oleodin\u00e2micos<\/title>\n<meta name=\"description\" content=\"Hidraulic Supporte empresa especializada na fabrica\u00e7\u00e3o de carrinhos de filtragem de \u00f3leo e manuten\u00e7\u00e3o de equipamentos hidr\u00e1ulicos. Vendas e consertos em geral.\" \/>\n<meta name=\"robots\" content=\"index, follow, max-snippet:-1, max-image-preview:large, max-video-preview:-1\" \/>\n<link rel=\"canonical\" href=\"https:\/\/hidraulicsupporte.com.br\/wp\/carrinho-de-filtragem-de-oleo-hidraulico\" \/>\n<meta property=\"og:locale\" content=\"pt_BR\" \/>\n<meta property=\"og:type\" content=\"article\" \/>\n<meta property=\"og:title\" content=\"Carrinho de Filtragem de \u00f3leo hidr\u00e1ulico. - Hidraulic Supporte Equipamentos Oleodin\u00e2micos\" \/>\n<meta property=\"og:description\" content=\"Hidraulic Supporte empresa especializada na fabrica\u00e7\u00e3o de carrinhos de filtragem de \u00f3leo e manuten\u00e7\u00e3o de equipamentos hidr\u00e1ulicos. Vendas e consertos em geral.\" \/>\n<meta property=\"og:url\" content=\"https:\/\/hidraulicsupporte.com.br\/wp\/carrinho-de-filtragem-de-oleo-hidraulico\" \/>\n<meta property=\"og:site_name\" content=\"Hidraulic Supporte Equipamentos Oleodin\u00e2micos\" \/>\n<meta property=\"article:modified_time\" content=\"2021-02-16T00:40:23+00:00\" \/>\n<meta property=\"og:image\" content=\"http:\/\/hidraulicsupporte.com.br\/wp\/wp-content\/uploads\/2016\/02\/FOTO_UNIDADES_FILTRAGEM.jpg\" \/>\n<meta name=\"twitter:card\" content=\"summary_large_image\" \/>\n<meta name=\"twitter:label1\" content=\"Est. tempo de leitura\" \/>\n\t<meta name=\"twitter:data1\" content=\"2 minutos\" \/>\n<script type=\"application\/ld+json\" class=\"yoast-schema-graph\">{\"@context\":\"https:\\\/\\\/schema.org\",\"@graph\":[{\"@type\":\"WebPage\",\"@id\":\"https:\\\/\\\/hidraulicsupporte.com.br\\\/wp\\\/carrinho-de-filtragem-de-oleo-hidraulico\",\"url\":\"https:\\\/\\\/hidraulicsupporte.com.br\\\/wp\\\/carrinho-de-filtragem-de-oleo-hidraulico\",\"name\":\"Carrinho de Filtragem de \u00f3leo hidr\u00e1ulico. - Hidraulic Supporte Equipamentos Oleodin\u00e2micos\",\"isPartOf\":{\"@id\":\"https:\\\/\\\/hidraulicsupporte.com.br\\\/wp\\\/#website\"},\"primaryImageOfPage\":{\"@id\":\"https:\\\/\\\/hidraulicsupporte.com.br\\\/wp\\\/carrinho-de-filtragem-de-oleo-hidraulico#primaryimage\"},\"image\":{\"@id\":\"https:\\\/\\\/hidraulicsupporte.com.br\\\/wp\\\/carrinho-de-filtragem-de-oleo-hidraulico#primaryimage\"},\"thumbnailUrl\":\"http:\\\/\\\/hidraulicsupporte.com.br\\\/wp\\\/wp-content\\\/uploads\\\/2016\\\/02\\\/FOTO_UNIDADES_FILTRAGEM.jpg\",\"datePublished\":\"2021-02-15T23:50:45+00:00\",\"dateModified\":\"2021-02-16T00:40:23+00:00\",\"description\":\"Hidraulic Supporte empresa especializada na fabrica\u00e7\u00e3o de carrinhos de filtragem de \u00f3leo e manuten\u00e7\u00e3o de equipamentos hidr\u00e1ulicos. Vendas e consertos em geral.\",\"breadcrumb\":{\"@id\":\"https:\\\/\\\/hidraulicsupporte.com.br\\\/wp\\\/carrinho-de-filtragem-de-oleo-hidraulico#breadcrumb\"},\"inLanguage\":\"pt-BR\",\"potentialAction\":[{\"@type\":\"ReadAction\",\"target\":[\"https:\\\/\\\/hidraulicsupporte.com.br\\\/wp\\\/carrinho-de-filtragem-de-oleo-hidraulico\"]}]},{\"@type\":\"ImageObject\",\"inLanguage\":\"pt-BR\",\"@id\":\"https:\\\/\\\/hidraulicsupporte.com.br\\\/wp\\\/carrinho-de-filtragem-de-oleo-hidraulico#primaryimage\",\"url\":\"https:\\\/\\\/hidraulicsupporte.com.br\\\/wp\\\/wp-content\\\/uploads\\\/2016\\\/02\\\/FOTO_UNIDADES_FILTRAGEM.jpg\",\"contentUrl\":\"https:\\\/\\\/hidraulicsupporte.com.br\\\/wp\\\/wp-content\\\/uploads\\\/2016\\\/02\\\/FOTO_UNIDADES_FILTRAGEM.jpg\",\"width\":449,\"height\":800,\"caption\":\"unidade de filtragem de \u00f3leo\"},{\"@type\":\"BreadcrumbList\",\"@id\":\"https:\\\/\\\/hidraulicsupporte.com.br\\\/wp\\\/carrinho-de-filtragem-de-oleo-hidraulico#breadcrumb\",\"itemListElement\":[{\"@type\":\"ListItem\",\"position\":1,\"name\":\"In\u00edcio\",\"item\":\"https:\\\/\\\/hidraulicsupporte.com.br\\\/wp\\\/\"},{\"@type\":\"ListItem\",\"position\":2,\"name\":\"Carrinho de Filtragem de \u00f3leo hidr\u00e1ulico.\"}]},{\"@type\":\"WebSite\",\"@id\":\"https:\\\/\\\/hidraulicsupporte.com.br\\\/wp\\\/#website\",\"url\":\"https:\\\/\\\/hidraulicsupporte.com.br\\\/wp\\\/\",\"name\":\"Hidraulic Supporte Equipamentos Oleodin\u00e2micos\",\"description\":\"Empresa tecnica especializada em equipamentos de hidr\u00e1ulica industrial, m\u00f3bil em geral e unidades de filtragem.\",\"publisher\":{\"@id\":\"https:\\\/\\\/hidraulicsupporte.com.br\\\/wp\\\/#organization\"},\"potentialAction\":[{\"@type\":\"SearchAction\",\"target\":{\"@type\":\"EntryPoint\",\"urlTemplate\":\"https:\\\/\\\/hidraulicsupporte.com.br\\\/wp\\\/?s={search_term_string}\"},\"query-input\":{\"@type\":\"PropertyValueSpecification\",\"valueRequired\":true,\"valueName\":\"search_term_string\"}}],\"inLanguage\":\"pt-BR\"},{\"@type\":\"Organization\",\"@id\":\"https:\\\/\\\/hidraulicsupporte.com.br\\\/wp\\\/#organization\",\"name\":\"Hidraulic Supporte\",\"url\":\"https:\\\/\\\/hidraulicsupporte.com.br\\\/wp\\\/\",\"logo\":{\"@type\":\"ImageObject\",\"inLanguage\":\"pt-BR\",\"@id\":\"https:\\\/\\\/hidraulicsupporte.com.br\\\/wp\\\/#\\\/schema\\\/logo\\\/image\\\/\",\"url\":\"https:\\\/\\\/hidraulicsupporte.com.br\\\/wp\\\/wp-content\\\/uploads\\\/2012\\\/11\\\/cropped-hidraulic-1.png\",\"contentUrl\":\"https:\\\/\\\/hidraulicsupporte.com.br\\\/wp\\\/wp-content\\\/uploads\\\/2012\\\/11\\\/cropped-hidraulic-1.png\",\"width\":160,\"height\":62,\"caption\":\"Hidraulic Supporte\"},\"image\":{\"@id\":\"https:\\\/\\\/hidraulicsupporte.com.br\\\/wp\\\/#\\\/schema\\\/logo\\\/image\\\/\"}}]}<\/script>\n<!-- \/ Yoast SEO plugin. -->","yoast_head_json":{"title":"Carrinho de Filtragem de \u00f3leo hidr\u00e1ulico. - Hidraulic Supporte Equipamentos Oleodin\u00e2micos","description":"Hidraulic Supporte empresa especializada na fabrica\u00e7\u00e3o de carrinhos de filtragem de \u00f3leo e manuten\u00e7\u00e3o de equipamentos hidr\u00e1ulicos. Vendas e consertos em geral.","robots":{"index":"index","follow":"follow","max-snippet":"max-snippet:-1","max-image-preview":"max-image-preview:large","max-video-preview":"max-video-preview:-1"},"canonical":"https:\/\/hidraulicsupporte.com.br\/wp\/carrinho-de-filtragem-de-oleo-hidraulico","og_locale":"pt_BR","og_type":"article","og_title":"Carrinho de Filtragem de \u00f3leo hidr\u00e1ulico. - Hidraulic Supporte Equipamentos Oleodin\u00e2micos","og_description":"Hidraulic Supporte empresa especializada na fabrica\u00e7\u00e3o de carrinhos de filtragem de \u00f3leo e manuten\u00e7\u00e3o de equipamentos hidr\u00e1ulicos. Vendas e consertos em geral.","og_url":"https:\/\/hidraulicsupporte.com.br\/wp\/carrinho-de-filtragem-de-oleo-hidraulico","og_site_name":"Hidraulic Supporte Equipamentos Oleodin\u00e2micos","article_modified_time":"2021-02-16T00:40:23+00:00","og_image":[{"url":"http:\/\/hidraulicsupporte.com.br\/wp\/wp-content\/uploads\/2016\/02\/FOTO_UNIDADES_FILTRAGEM.jpg","type":"","width":"","height":""}],"twitter_card":"summary_large_image","twitter_misc":{"Est. tempo de leitura":"2 minutos"},"schema":{"@context":"https:\/\/schema.org","@graph":[{"@type":"WebPage","@id":"https:\/\/hidraulicsupporte.com.br\/wp\/carrinho-de-filtragem-de-oleo-hidraulico","url":"https:\/\/hidraulicsupporte.com.br\/wp\/carrinho-de-filtragem-de-oleo-hidraulico","name":"Carrinho de Filtragem de \u00f3leo hidr\u00e1ulico. - Hidraulic Supporte Equipamentos Oleodin\u00e2micos","isPartOf":{"@id":"https:\/\/hidraulicsupporte.com.br\/wp\/#website"},"primaryImageOfPage":{"@id":"https:\/\/hidraulicsupporte.com.br\/wp\/carrinho-de-filtragem-de-oleo-hidraulico#primaryimage"},"image":{"@id":"https:\/\/hidraulicsupporte.com.br\/wp\/carrinho-de-filtragem-de-oleo-hidraulico#primaryimage"},"thumbnailUrl":"http:\/\/hidraulicsupporte.com.br\/wp\/wp-content\/uploads\/2016\/02\/FOTO_UNIDADES_FILTRAGEM.jpg","datePublished":"2021-02-15T23:50:45+00:00","dateModified":"2021-02-16T00:40:23+00:00","description":"Hidraulic Supporte empresa especializada na fabrica\u00e7\u00e3o de carrinhos de filtragem de \u00f3leo e manuten\u00e7\u00e3o de equipamentos hidr\u00e1ulicos. Vendas e consertos em geral.","breadcrumb":{"@id":"https:\/\/hidraulicsupporte.com.br\/wp\/carrinho-de-filtragem-de-oleo-hidraulico#breadcrumb"},"inLanguage":"pt-BR","potentialAction":[{"@type":"ReadAction","target":["https:\/\/hidraulicsupporte.com.br\/wp\/carrinho-de-filtragem-de-oleo-hidraulico"]}]},{"@type":"ImageObject","inLanguage":"pt-BR","@id":"https:\/\/hidraulicsupporte.com.br\/wp\/carrinho-de-filtragem-de-oleo-hidraulico#primaryimage","url":"https:\/\/hidraulicsupporte.com.br\/wp\/wp-content\/uploads\/2016\/02\/FOTO_UNIDADES_FILTRAGEM.jpg","contentUrl":"https:\/\/hidraulicsupporte.com.br\/wp\/wp-content\/uploads\/2016\/02\/FOTO_UNIDADES_FILTRAGEM.jpg","width":449,"height":800,"caption":"unidade de filtragem de \u00f3leo"},{"@type":"BreadcrumbList","@id":"https:\/\/hidraulicsupporte.com.br\/wp\/carrinho-de-filtragem-de-oleo-hidraulico#breadcrumb","itemListElement":[{"@type":"ListItem","position":1,"name":"In\u00edcio","item":"https:\/\/hidraulicsupporte.com.br\/wp\/"},{"@type":"ListItem","position":2,"name":"Carrinho de Filtragem de \u00f3leo hidr\u00e1ulico."}]},{"@type":"WebSite","@id":"https:\/\/hidraulicsupporte.com.br\/wp\/#website","url":"https:\/\/hidraulicsupporte.com.br\/wp\/","name":"Hidraulic Supporte Equipamentos Oleodin\u00e2micos","description":"Empresa tecnica especializada em equipamentos de hidr\u00e1ulica industrial, m\u00f3bil em geral e unidades de filtragem.","publisher":{"@id":"https:\/\/hidraulicsupporte.com.br\/wp\/#organization"},"potentialAction":[{"@type":"SearchAction","target":{"@type":"EntryPoint","urlTemplate":"https:\/\/hidraulicsupporte.com.br\/wp\/?s={search_term_string}"},"query-input":{"@type":"PropertyValueSpecification","valueRequired":true,"valueName":"search_term_string"}}],"inLanguage":"pt-BR"},{"@type":"Organization","@id":"https:\/\/hidraulicsupporte.com.br\/wp\/#organization","name":"Hidraulic Supporte","url":"https:\/\/hidraulicsupporte.com.br\/wp\/","logo":{"@type":"ImageObject","inLanguage":"pt-BR","@id":"https:\/\/hidraulicsupporte.com.br\/wp\/#\/schema\/logo\/image\/","url":"https:\/\/hidraulicsupporte.com.br\/wp\/wp-content\/uploads\/2012\/11\/cropped-hidraulic-1.png","contentUrl":"https:\/\/hidraulicsupporte.com.br\/wp\/wp-content\/uploads\/2012\/11\/cropped-hidraulic-1.png","width":160,"height":62,"caption":"Hidraulic Supporte"},"image":{"@id":"https:\/\/hidraulicsupporte.com.br\/wp\/#\/schema\/logo\/image\/"}}]}},"_links":{"self":[{"href":"https:\/\/hidraulicsupporte.com.br\/wp\/wp-json\/wp\/v2\/pages\/1079","targetHints":{"allow":["GET"]}}],"collection":[{"href":"https:\/\/hidraulicsupporte.com.br\/wp\/wp-json\/wp\/v2\/pages"}],"about":[{"href":"https:\/\/hidraulicsupporte.com.br\/wp\/wp-json\/wp\/v2\/types\/page"}],"author":[{"embeddable":true,"href":"https:\/\/hidraulicsupporte.com.br\/wp\/wp-json\/wp\/v2\/users\/2"}],"replies":[{"embeddable":true,"href":"https:\/\/hidraulicsupporte.com.br\/wp\/wp-json\/wp\/v2\/comments?post=1079"}],"version-history":[{"count":11,"href":"https:\/\/hidraulicsupporte.com.br\/wp\/wp-json\/wp\/v2\/pages\/1079\/revisions"}],"predecessor-version":[{"id":1109,"href":"https:\/\/hidraulicsupporte.com.br\/wp\/wp-json\/wp\/v2\/pages\/1079\/revisions\/1109"}],"wp:attachment":[{"href":"https:\/\/hidraulicsupporte.com.br\/wp\/wp-json\/wp\/v2\/media?parent=1079"}],"curies":[{"name":"wp","href":"https:\/\/api.w.org\/{rel}","templated":true}]}}